{"id":15799,"date":"2024-10-28T21:45:27","date_gmt":"2024-10-28T18:45:27","guid":{"rendered":"https:\/\/www.lailaleatherdesign.com\/?page_id=15799"},"modified":"2024-10-28T21:49:11","modified_gmt":"2024-10-28T18:49:11","slug":"elementor-15799","status":"publish","type":"page","link":"https:\/\/www.lailaleatherdesign.com\/index.php\/elementor-15799\/","title":{"rendered":"TESL\u0130MAT KO\u015eULLARI"},"content":{"rendered":"\t\t<div data-elementor-type=\"wp-page\" data-elementor-id=\"15799\" class=\"elementor elementor-15799\">\n\t\t\t\t<div class=\"elementor-element elementor-element-3b4e9b8 e-flex e-con-boxed e-con e-parent\" data-id=\"3b4e9b8\" data-element_type=\"container\">\n\t\t\t\t\t<div class=\"e-con-inner\">\n\t\t\t\t<div class=\"elementor-element elementor-element-fc5e321 elementor-widget elementor-widget-wd_text_block\" data-id=\"fc5e321\" data-element_type=\"widget\" data-widget_type=\"wd_text_block.default\">\n\t\t\t\t<div class=\"elementor-widget-container\">\n\t\t\t\t\t<div class=\"wd-text-block reset-last-child text-left\">\n\t\t\t\n\t\t\t<h4 style=\"text-align: center;\"><strong>TESL\u0130MAT KO\u015eULLARI<\/strong><\/h4><p>\u00a0<\/p><div class=\"flatpage__content\"><p>Sipari\u015fleriniz, banka onay\u0131 al\u0131nd\u0131ktan sonra 3 i\u015f g\u00fcn\u00fc (Pazartesi-Cuma) i\u00e7erisinde kargoya teslim edilir. Teslimat adresinin Yurti\u00e7i Kargo firmas\u0131na uzakl\u0131\u011f\u0131na g\u00f6re de kargo \u015firketi 1-3 g\u00fcn i\u00e7erisinde sipari\u015finizi size ula\u015ft\u0131racakt\u0131r.<\/p><p>Hafta i\u00e7i verdi\u011finiz sipari\u015fler 24 saat i\u00e7erisinde kargoya teslim edilir.<\/p><p>Taraf\u0131m\u0131zdan kaynaklanan bir aksilik olmas\u0131 halinde ise size \u00fcyelik bilgilerinizden yola \u00e7\u0131k\u0131larak haber verilecektir. Bu y\u00fczden \u00fcyelik bilgilerinizin eksiksiz ve do\u011fru olmas\u0131 \u00f6nemlidir. Bayram ve tatil g\u00fcnlerinde teslimat yap\u0131lmamaktad\u0131r.<\/p><p>Se\u00e7ti\u011finiz \u00fcr\u00fcnlerin tamam\u0131 anla\u015fmal\u0131 oldu\u011fumuz kargo \u015firketleri taraf\u0131ndan Yurti\u00e7i Kargo garantisi ile size teslim edilecektir.<\/p><p>Sat\u0131n ald\u0131\u011f\u0131n\u0131z \u00fcr\u00fcnler bir teyit e-posta's\u0131 ile taraf\u0131n\u0131za bildirilecektir. Se\u00e7ti\u011finiz \u00fcr\u00fcnlerden herhangi birinin stokta mevcut olmamas\u0131 durumunda konu ile ilgili bir e-posta size yollanacak ve \u00fcr\u00fcn\u00fcn ilk stoklara girece\u011fi tarih taraf\u0131n\u0131za bildirilecektir.<\/p><p>www.empera.com on-line al\u0131\u015fveri\u015f sitesidir. Ayn\u0131 anda birden \u00e7ok kullan\u0131c\u0131ya al\u0131\u015fveri\u015f yapma imkan\u0131 tan\u0131r.<\/p><p>Enderde olsa t\u00fcketicinin ayn\u0131 \u00fcr\u00fcn\u00fc almas\u0131 s\u00f6z konusudur ve \u00fcr\u00fcn stoklarda t\u00fckenmektedir bu durumda ;<\/p><p>\u00d6demesini internet \u00fczerinden yapt\u0131n\u0131z \u00fcr\u00fcn e\u011fer stoklarm\u0131zda kalmam\u0131\u015f ise en az 4 (D\u00f6rt) en fazla 30 (otuz) g\u00fcn bekeleme s\u00fcresi vard\u0131r. \u00dcr\u00fcn bu tarihleri aras\u0131nda t\u00fcketiciye verilemez ise yapt\u0131\u011f\u0131 \u00f6deme kendisine iade edilir.<\/p><\/div>\n\t\t\t\t\t<\/div>\n\t\t\t\t<\/div>\n\t\t\t\t<\/div>\n\t\t\t\t\t<\/div>\n\t\t\t\t<\/div>\n\t\t\t\t<\/div>\n\t\t","protected":false},"excerpt":{"rendered":"<p>TESL\u0130MAT KO\u015eULLARI \u00a0 Sipari\u015fleriniz, banka onay\u0131 al\u0131nd\u0131ktan sonra 3 i\u015f g\u00fcn\u00fc (Pazartesi-Cuma) i\u00e7erisinde kargoya teslim edilir. Teslimat adresinin Yurti\u00e7i Kargo<\/p>\n","protected":false},"author":1,"featured_media":0,"parent":0,"menu_order":0,"comment_status":"closed","ping_status":"closed","template":"elementor_theme","meta":{"footnotes":""},"class_list":["post-15799","page","type-page","status-publish","hentry"],"_links":{"self":[{"href":"https:\/\/www.lailaleatherdesign.com\/index.php\/wp-json\/wp\/v2\/pages\/15799","targetHints":{"allow":["GET"]}}],"collection":[{"href":"https:\/\/www.lailaleatherdesign.com\/index.php\/wp-json\/wp\/v2\/pages"}],"about":[{"href":"https:\/\/www.lailaleatherdesign.com\/index.php\/wp-json\/wp\/v2\/types\/page"}],"author":[{"embeddable":true,"href":"https:\/\/www.lailaleatherdesign.com\/index.php\/wp-json\/wp\/v2\/users\/1"}],"replies":[{"embeddable":true,"href":"https:\/\/www.lailaleatherdesign.com\/index.php\/wp-json\/wp\/v2\/comments?post=15799"}],"version-history":[{"count":7,"href":"https:\/\/www.lailaleatherdesign.com\/index.php\/wp-json\/wp\/v2\/pages\/15799\/revisions"}],"predecessor-version":[{"id":15807,"href":"https:\/\/www.lailaleatherdesign.com\/index.php\/wp-json\/wp\/v2\/pages\/15799\/revisions\/15807"}],"wp:attachment":[{"href":"https:\/\/www.lailaleatherdesign.com\/index.php\/wp-json\/wp\/v2\/media?parent=15799"}],"curies":[{"name":"wp","href":"https:\/\/api.w.org\/{rel}","templated":true}]}}