{"id":15637,"date":"2024-09-27T23:23:31","date_gmt":"2024-09-27T20:23:31","guid":{"rendered":"https:\/\/www.lailaleatherdesign.com\/?post_type=product&#038;p=15637"},"modified":"2024-10-10T21:10:21","modified_gmt":"2024-10-10T18:10:21","slug":"patchwork-tasarim-hali","status":"publish","type":"product","link":"https:\/\/www.lailaleatherdesign.com\/index.php\/urun\/patchwork-tasarim-hali\/","title":{"rendered":"Patchwork Tasar\u0131m Hal\u0131"},"content":{"rendered":"<p>Patchwork Tasar\u0131m Hal\u0131<\/p>\n","protected":false},"excerpt":{"rendered":"<p>Patchwork Tasar\u0131m Hal\u0131<\/p>\n","protected":false},"featured_media":15638,"template":"","meta":[],"product_cat":[71],"product_tag":[],"class_list":{"0":"post-15637","1":"product","2":"type-product","3":"status-publish","4":"has-post-thumbnail","6":"product_cat-laila-hali","8":"first","9":"instock","10":"shipping-taxable","11":"purchasable","12":"product-type-variable"},"_links":{"self":[{"href":"https:\/\/www.lailaleatherdesign.com\/index.php\/wp-json\/wp\/v2\/product\/15637","targetHints":{"allow":["GET"]}}],"collection":[{"href":"https:\/\/www.lailaleatherdesign.com\/index.php\/wp-json\/wp\/v2\/product"}],"about":[{"href":"https:\/\/www.lailaleatherdesign.com\/index.php\/wp-json\/wp\/v2\/types\/product"}],"version-history":[{"count":1,"href":"https:\/\/www.lailaleatherdesign.com\/index.php\/wp-json\/wp\/v2\/product\/15637\/revisions"}],"predecessor-version":[{"id":15641,"href":"https:\/\/www.lailaleatherdesign.com\/index.php\/wp-json\/wp\/v2\/product\/15637\/revisions\/15641"}],"wp:featuredmedia":[{"embeddable":true,"href":"https:\/\/www.lailaleatherdesign.com\/index.php\/wp-json\/wp\/v2\/media\/15638"}],"wp:attachment":[{"href":"https:\/\/www.lailaleatherdesign.com\/index.php\/wp-json\/wp\/v2\/media?parent=15637"}],"wp:term":[{"taxonomy":"product_cat","embeddable":true,"href":"https:\/\/www.lailaleatherdesign.com\/index.php\/wp-json\/wp\/v2\/product_cat?post=15637"},{"taxonomy":"product_tag","embeddable":true,"href":"https:\/\/www.lailaleatherdesign.com\/index.php\/wp-json\/wp\/v2\/product_tag?post=15637"}],"curies":[{"name":"wp","href":"https:\/\/api.w.org\/{rel}","templated":true}]}}