{"id":15663,"date":"2024-09-27T23:36:53","date_gmt":"2024-09-27T20:36:53","guid":{"rendered":"https:\/\/www.lailaleatherdesign.com\/?post_type=product&#038;p=15663"},"modified":"2024-10-10T21:44:31","modified_gmt":"2024-10-10T18:44:31","slug":"kurk-hali-2","status":"publish","type":"product","link":"https:\/\/www.lailaleatherdesign.com\/index.php\/urun\/kurk-hali-2\/","title":{"rendered":"K\u00fcrk Hal\u0131"},"content":{"rendered":"<p>K\u00fcrk Hal\u0131<\/p>\n","protected":false},"excerpt":{"rendered":"<p>K\u00fcrk Hal\u0131<\/p>\n","protected":false},"featured_media":15664,"template":"","meta":[],"product_cat":[71],"product_tag":[],"class_list":{"0":"post-15663","1":"product","2":"type-product","3":"status-publish","4":"has-post-thumbnail","6":"product_cat-laila-hali","8":"first","9":"instock","10":"shipping-taxable","11":"purchasable","12":"product-type-variable"},"_links":{"self":[{"href":"https:\/\/www.lailaleatherdesign.com\/index.php\/wp-json\/wp\/v2\/product\/15663","targetHints":{"allow":["GET"]}}],"collection":[{"href":"https:\/\/www.lailaleatherdesign.com\/index.php\/wp-json\/wp\/v2\/product"}],"about":[{"href":"https:\/\/www.lailaleatherdesign.com\/index.php\/wp-json\/wp\/v2\/types\/product"}],"version-history":[{"count":1,"href":"https:\/\/www.lailaleatherdesign.com\/index.php\/wp-json\/wp\/v2\/product\/15663\/revisions"}],"predecessor-version":[{"id":15669,"href":"https:\/\/www.lailaleatherdesign.com\/index.php\/wp-json\/wp\/v2\/product\/15663\/revisions\/15669"}],"wp:featuredmedia":[{"embeddable":true,"href":"https:\/\/www.lailaleatherdesign.com\/index.php\/wp-json\/wp\/v2\/media\/15664"}],"wp:attachment":[{"href":"https:\/\/www.lailaleatherdesign.com\/index.php\/wp-json\/wp\/v2\/media?parent=15663"}],"wp:term":[{"taxonomy":"product_cat","embeddable":true,"href":"https:\/\/www.lailaleatherdesign.com\/index.php\/wp-json\/wp\/v2\/product_cat?post=15663"},{"taxonomy":"product_tag","embeddable":true,"href":"https:\/\/www.lailaleatherdesign.com\/index.php\/wp-json\/wp\/v2\/product_tag?post=15663"}],"curies":[{"name":"wp","href":"https:\/\/api.w.org\/{rel}","templated":true}]}}